{"id":879,"date":"2019-02-01T13:54:52","date_gmt":"2019-02-01T12:54:52","guid":{"rendered":"http:\/\/ak.kosmider.hostingasp.pl\/?page_id=879"},"modified":"2020-12-24T16:39:09","modified_gmt":"2020-12-24T15:39:09","slug":"biografie","status":"publish","type":"page","link":"https:\/\/karpowicz-westner.com\/de\/biografie\/","title":{"rendered":"Biografie"},"content":{"rendered":"<p>Geboren am 13. Juni 1951 in Krakau. Studium der Malerei an der Akademie der Sch\u00f6nen K\u00fcnste in Krakau, 1973 bis 1978. Diplom mit Auszeichnung bei Prof. Jan Szancenbach 1978.<\/p>\n<p>&nbsp;<\/p>\n<p>&nbsp;<\/p>\n<p><strong>Einzelausstellungen:<\/strong><\/p>\n<ul>\n<li>1984 \u00b7 ASP Galerie, Krakau<\/li>\n<li>1985 \u00b7 Florianska 37 Galerie, Krakau<\/li>\n<li>1986 \u00b7 WSP Galerie, Zielona Gora<\/li>\n<li>1988 \u00b7 Galerie im Kulturcafe, Darmstadt<\/li>\n<li>1989 \u00b7 Foyergalerie Staadstheater, Darmstadt<\/li>\n<li>1990 \u00b7 Galerie im Buchladen Ypsilon, Frankfurt a. Main<\/li>\n<li>1991 \u00b7 Land in Sicht Galerie Buchladen, Frankfurt a. Main<\/li>\n<li>1991 \u00b7 Kellergalerie im Schloss, Darmstadt<\/li>\n<li>1992 \u00b7 Piano Nobile Galerie, Krakau<\/li>\n<li>1993 \u00b7 Museum Haus Ludwig, Saarlouis \/A.Karpowicz&amp;amp;S.Karpowicz\/<\/li>\n<li>1993 \u00b7 Galerie im Buchladen Ypsilon, Frankfurt\/Main<\/li>\n<li>1994 \u00b7 Galerie Kappler, Darmstadt<\/li>\n<li>1995 \u00b7 Piano Nobile Galerie, Krakau<\/li>\n<li>1995 \u00b7 Landesvertretung Brandenburg, Bonn<\/li>\n<li>1995 \u00b7 Galerie im Buchladen Ypsilon, Frankfurt a. Main<\/li>\n<li>1996 \u00b7 Katarzyna Napi\u00f3rkowska Galerie, Warschau<\/li>\n<li>1997 \u00b7 Dominik Rostworowski Galerie, Krakau<\/li>\n<li>1997 \u00b7 Galerie im Buchladen Ypsilon, Frankfurt\/Main<\/li>\n<li>1998 \u00b7 Kunstwerker Susanne Carl, Saarlouis<\/li>\n<li>1998 \u00b7 Dominik Rostworowski Galerie, Krakau<\/li>\n<li>1998 \u00b7 Galerie im Buchladen Ypsilon, Frankfurt\/Main<\/li>\n<li>1999 \u00b7 Katarzyna Napi\u00f3rkowska Galerie, Warschau<\/li>\n<li>2002 \u00b7 Dominik Rostworowski Galerie, Krakau<\/li>\n<li>2003 \u00b7 Katarzyna Napi\u00f3rkowska Galerie, Warschau<\/li>\n<li>2003 \u00b7 Galerie im Buchladen Ypsilon, Frankfurt a. Main<\/li>\n<li>2004 \u00b7 Kersten Galerie, Krakau<\/li>\n<li>2005 \u00b7 Kunstwerker Susanne Carl, Saarlouis<\/li>\n<li>2006 \u00b7 Katarzyna Napi\u00f3rkowska Galerie, Warschau<\/li>\n<li>2007 \u00b7 Raven Galerie, Krakau<\/li>\n<li>2010 \u00b7 Artium Art Galerie, Luxemburg<\/li>\n<li>2011 \u00b7 Galerie 2 \u015awiaty, Krakau<\/li>\n<li>2011 \u00b7 Inter Art Galerie Reich, K\u00f6ln<\/li>\n<li>2012 \u00b7 Galerie im Buchladen Ypsilon, Frankfurt a. Main<\/li>\n<li>2015 \u00b7 Raven Galerie, Krakau &#8211; &#8222;Following The Light&#8220;<\/li>\n<li>2017 \u00b7 Platon Galerie, Breslau &#8211; &#8222;Zienno\u015b\u0107 ob\u0142ok\u00f3w&#8220;<\/li>\n<li>2020. BWA Galerie, Zamo\u015b\u0107 &#8211; &#8222;Beyond Time&#8220;<\/li>\n<li>2020. Wirydarz Galerie , Lublin &#8211; &#8222;Ulotno\u015b\u0107&#8220;<\/li>\n<\/ul>\n<p>&nbsp;<\/p>\n<p><strong>Bedeutende Gruppenaustellungen:<\/strong><\/p>\n<ul>\n<li>1979 \u00b7 &#8222;Diplom 1978&#8220;, Zacheta Nationale Kunst Galerie, Warschau<\/li>\n<li>1979 \u00b7 &#8222;Le Salon 1979 Racines&#8220;, Grand Palais, Paris<\/li>\n<li>1979 \u00b7 &#8222;Absolventen II&#8220;, Galerie BWA, Krakau<\/li>\n<li>1980 \u00b7 &#8222;V. Biennale des Beaux Arts&#8220;, Centre Robert Lavergne, Asniere-sur-Seine<\/li>\n<li>1981 \u00b7 &#8222;Absolventen &#8211; nicht in BWA&#8220;, Galerie Pryzmat, Krakau<\/li>\n<li>1982 \u00b7 &#8222;Il Convergence Jeune Expression&#8220;, Grand Palais, Paris<\/li>\n<li>1982 \u00b7 &#8222;Die Kunst in Krakau&#8220;, Kunsthalle, N\u00fcrnberg<\/li>\n<li>1985 \u00b7 &#8222;Ausstellung im Namen von J. Spychalski&#8220;, Galerie BWA, Posen, Olsztyn<\/li>\n<li>1987 \u00b7 &#8222;Ateliereinblicke&#8220;, Kunsthalle, N\u00fcrnberg<\/li>\n<li>1988 \u00b7 &#8222;Szancenbach und seine Meistersch\u00fcler&#8220;, Galerie BWA, Krakau, Toru\u0144, Sopot, Wroc\u0142aw<\/li>\n<li>1989 \u00b7 &#8222;The nude in Painting&#8220;, Euro-Galleri, G\u00f6teborg<\/li>\n<li>1989 \u00b7 &#8222;Contemporary Painting in Eastern Europe&#8220;, Towo Art Center, Tokyo<\/li>\n<li>1992 \u00b7 &#8222;Szancenbach und seine Meistersch\u00fcler&#8220;, Zach\u0119ta Nationale Kunst Galerie, Warschau<\/li>\n<li>1992 \u00b7 &#8222;Jubilaeums Ausstellung der Malerei&#8220;, Galerie BWA, Krakau<\/li>\n<li>1993 \u00b7 &#8222;Peinters et Graveurs de Cracovie&#8220;, Maison de la Culture, Bourgers<\/li>\n<li>1994 \u00b7 &#8222;The Galician Sentiments&#8220;, ZPAP, Sukiennice Galerie, Krakau<\/li>\n<li>1994 \u00b7 &#8222;Three artists from Cracow&#8220;, The Polish Museum of America, Chicago<\/li>\n<li>1997 \u00b7 &#8222;Begegnungen an der Grenze&#8220;, Europaischer Kulturpark, Bliesbruck-Reinheim<\/li>\n<li>2009 \u00b7 &#8222;Polnischer Herbst&#8220;, Inter Art Galerie Reich, K\u00f6ln<\/li>\n<li>2010 \u00b7 &#8222;Winterausstellung&#8220;, Inter Art Galerie Reich, K\u00f6ln<\/li>\n<li>2011 \u00b7 &#8222;100 Jahre ZPAP Krak\u00f3w&#8220;, Kunst Palast, Krakau<\/li>\n<li>2012 \u00b7 &#8222;Travelling&#8220;, Galerie Panorama, Tomaszowice<\/li>\n<li>2014 \u00b7 &#8222;4 x Karpowicz&#8220;, Galerie Raven, Krakau<\/li>\n<li>2015 \u00b7 &#8222;8 Frauen&#8220;, Galerie Konduktorownia, Tschenstochau<\/li>\n<li>2015 \u00b7 &#8222;Musicality of art&#8220;, Galerie Panorama, Tomaszowice<\/li>\n<\/ul>\n<p><strong>Preise f\u00fcr Werke:<\/strong><\/p>\n<ul>\n<li>1979 \u00b7 &#8222;Graduates II&#8220;, BWA Galerie, Krakau &#8211; Preis f\u00fcr eine Gem\u00e4ldekollektion<\/li>\n<li>1979 \u00b7 Le Salon&#8217;79 &#8222;Racines&#8220;, Grand Palais, Paris &#8211; Odilon-Lesur-Adrian Foundation Prix und Ehrenauszeichnung<\/li>\n<li>1980 \u00b7 V Biennale des Beaux Arts, Centre Robert Lavergne, Asnieres-sur-Seine, France &#8211; Le Groupment des Industrieles de La Region Gennevilliers Fondation Prix de Peinture<\/li>\n<\/ul>\n<p><strong>Werke in Sammlungen:<\/strong><\/p>\n<p>National Museum, Krakau<\/p>\n<p>Deutsches-Polen Institut, Darmstadt<\/p>\n<p>The Polish Museum of America, Chicago<\/p>\n<p>WSP Bibliothek, Zielona Gora<\/p>\n<p>Jan Kluza Sammlung, PSSP, Krakau<\/p>\n","protected":false},"excerpt":{"rendered":"<p>Geboren am 13. Juni 1951 in Krakau. Studium der Malerei an der Akademie der Sch\u00f6nen K\u00fcnste in Krakau, 1973 bis 1978. Diplom mit Auszeichnung bei Prof. Jan Szancenbach 1978. &nbsp; &nbsp; Einzelausstellungen: 1984 \u00b7 ASP Galerie, Krakau 1985 \u00b7 Florianska 37 Galerie, Krakau 1986 \u00b7 WSP Galerie, Zielona Gora 1988 \u00b7 Galerie im Kulturcafe, Darmstadt [&hellip;]<\/p>\n","protected":false},"author":1,"featured_media":0,"parent":0,"menu_order":0,"comment_status":"closed","ping_status":"closed","template":"","meta":{"footnotes":""},"class_list":["post-879","page","type-page","status-publish","hentry"],"_links":{"self":[{"href":"https:\/\/karpowicz-westner.com\/de\/wp-json\/wp\/v2\/pages\/879","targetHints":{"allow":["GET"]}}],"collection":[{"href":"https:\/\/karpowicz-westner.com\/de\/wp-json\/wp\/v2\/pages"}],"about":[{"href":"https:\/\/karpowicz-westner.com\/de\/wp-json\/wp\/v2\/types\/page"}],"author":[{"embeddable":true,"href":"https:\/\/karpowicz-westner.com\/de\/wp-json\/wp\/v2\/users\/1"}],"replies":[{"embeddable":true,"href":"https:\/\/karpowicz-westner.com\/de\/wp-json\/wp\/v2\/comments?post=879"}],"version-history":[{"count":3,"href":"https:\/\/karpowicz-westner.com\/de\/wp-json\/wp\/v2\/pages\/879\/revisions"}],"predecessor-version":[{"id":2112,"href":"https:\/\/karpowicz-westner.com\/de\/wp-json\/wp\/v2\/pages\/879\/revisions\/2112"}],"wp:attachment":[{"href":"https:\/\/karpowicz-westner.com\/de\/wp-json\/wp\/v2\/media?parent=879"}],"curies":[{"name":"wp","href":"https:\/\/api.w.org\/{rel}","templated":true}]}}