{"id":877,"date":"2019-02-01T13:54:11","date_gmt":"2019-02-01T12:54:11","guid":{"rendered":"http:\/\/ak.kosmider.hostingasp.pl\/?page_id=877"},"modified":"2020-12-24T16:40:49","modified_gmt":"2020-12-24T15:40:49","slug":"biographical-note","status":"publish","type":"page","link":"https:\/\/karpowicz-westner.com\/en\/biographical-note\/","title":{"rendered":"Biographical Note"},"content":{"rendered":"<p>Born June 13th, 1951 in Cracow. Studied (1973 &#8211; 1978) at the Faculty of Painting of the Academy of Fine Arts in Cracow. Finished studies in 1978, with a master\u2019s degree. Graduated with honors at the atelier of Professor Jan Szancenbach.<\/p>\n<p>&nbsp;<\/p>\n<p><strong>Solo exhibitions:<\/strong><\/p>\n<ul>\n<li>1984 \u00b7 ASP Gallery, Cracow<\/li>\n<li>1985 \u00b7 Florianska 37 Gallery, Cracow<\/li>\n<li>1986 \u00b7 WSP Gallery, Zielona G\u00f3ra<\/li>\n<li>1988 \u00b7 Galerie im Kulturcafe, Darmstadt<\/li>\n<li>1989 \u00b7 Foyergalerie Staadstheater, Darmstadt<\/li>\n<li>1990 \u00b7 Galerie im Buchladen Ypsilon, Frankfurt\/Main<\/li>\n<li>1991 \u00b7 Land in Sicht Galerie Buchladen, Frankfurt\/Main<\/li>\n<li>1991 \u00b7 Kellergalerie im Schloss, Darmstadt<\/li>\n<li>1992 \u00b7 Piano Nobile Gallery, Cracow<\/li>\n<li>1993 \u00b7 Museum Haus Ludwig, Saarlouis \/A.Karpowicz&amp;S.Karpowicz\/<\/li>\n<li>1993 \u00b7 Galerie im Buchladen Ypsilon, Frankfurt\/Main<\/li>\n<li>1994 \u00b7 Galerie Kappler, Darmstadt<\/li>\n<li>1995 \u00b7 Piano Nobile Gallery, Cracow<\/li>\n<li>1995 \u00b7 Landesvertretung Brandenburg, Bonn<\/li>\n<li>1995 \u00b7 Galerie im Buchladen Ypsilon, Frankfurt\/Main<\/li>\n<li>1996 \u00b7 Katarzyna Napi\u00f3rkowska Gallery, Warsaw<\/li>\n<li>1997 \u00b7 Dominik Rostworowski Gallery, Cracow<\/li>\n<li>1997 \u00b7 Galerie im Buchladen Ypsilon, Frankfurt\/Main<\/li>\n<li>1998 \u00b7 Kunstwerker Susanne Carl, Saarlouis<\/li>\n<li>1998 \u00b7 Dominik Rostworowski Gallery, Cracow<\/li>\n<li>1998 \u00b7 Galerie im Buchladen Ypsilon, Frankfurt\/Main<\/li>\n<li>1999 \u00b7 Katarzyna Napi\u00f3rkowska Gallery, Warsaw<\/li>\n<li>2002 \u00b7 Dominik Rostworowski Gallery, Cracow<\/li>\n<li>2003 \u00b7 Katarzyna Napi\u00f3rkowska Gallery, Warsaw<\/li>\n<li>2003 \u00b7 Galerie im Buchladen Ypsilon, Frankfurt\/Main<\/li>\n<li>2004 \u00b7 Kersten Gallery, Cracow<\/li>\n<li>2005 \u00b7 Kunstwerker Susanne Carl, Saarlouis<\/li>\n<li>2006 \u00b7 Katarzyna Napi\u00f3rkowska Gallery, Warsaw<\/li>\n<li>2007 \u00b7 Raven Gallery, Cracow<\/li>\n<li>2010 \u00b7 Artium Art Gallery, Luxemburg<\/li>\n<li>2011 \u00b7 2 \u015awiaty Gallery, Cracow<\/li>\n<li>2011 \u00b7 Inter Art Galerie Reich, K\u00f6ln<\/li>\n<li>2012 \u00b7 Galerie im Buchladen Ypsilon, Frankfurt\/Main<\/li>\n<li>2015 \u00b7 Raven Gallery, Cracow &#8211; &#8220;Following the light&#8221;<\/li>\n<li>2017 \u00b7 Platon Gallery, Wroc\u0142aw &#8211; &#8220;Zmienno\u015b\u0107 ob\u0142ok\u00f3w&#8221;<\/li>\n<li>2020 . BWA Gallery, Zamo\u015b\u0107 &#8211; &#8220;Beyond Time&#8221;<\/li>\n<li>2020 . Wirydarz Gallery, Lublin &#8211; &#8220;Ulotno\u015b\u0107&#8221;<\/li>\n<\/ul>\n<p>&nbsp;<\/p>\n<p><strong>More important collective exhibitions:<\/strong><\/p>\n<ul>\n<li>1979 \u00b7 &#8220;Diploma 1978&#8221;, Zacheta National Gallery of Art, Warsaw<\/li>\n<li>1979 \u00b7 &#8220;Le Salon 1979 Racines&#8221;, Grand Palais, Paris<\/li>\n<li>1979 \u00b7 &#8220;The graduates II&#8221;, BWA Gallery, Cracow<\/li>\n<li>1980 \u00b7 &#8220;V. Biennale des Beaux Arts&#8221;, Centre Robert Lavergne, Asniere-sur-Seine<\/li>\n<li>1981 \u00b7 &#8220;The graduates &#8211; not in BWA&#8221;, Gallery Pryzmat, Cracow<\/li>\n<li>1982 \u00b7 &#8220;Il Convergence Jeune Expression&#8221;, Grand Palais, Paris<\/li>\n<li>1982 \u00b7 &#8220;Die Kunst in Krakau&#8221;, Kunsthalle, Nuremberg<\/li>\n<li>1985 \u00b7 &#8220;The exhibition after competition by the name of J. Spychalski&#8221;, BWA Gallery, Poznan, Olsztyn<\/li>\n<li>1987 \u00b7 &#8220;Ateliereinblicke&#8221;, Kunsthalle, Nuremberg<\/li>\n<li>1988 \u00b7 &#8220;Szancenbach and his pupils&#8221;, BWA Gallery, Cracow, Toru\u0144, Sopot, Wroc\u0142aw<\/li>\n<li>1989 \u00b7 &#8220;The nude in Painting&#8221;, Euro-Galleri, G\u00f6teborg<\/li>\n<li>1989 \u00b7 &#8220;Contemporary Painting in Eastern Europe&#8221;, Towo Art Center, Tokyo<\/li>\n<li>1992 \u00b7 &#8220;Szancenbach and his students&#8221;, Zach\u0119ta National Gallery of Art, Warsaw<\/li>\n<li>1992 \u00b7 &#8220;The Jubilee Salon of Painting&#8221;, BWA Gallery, Cracow<\/li>\n<li>1993 \u00b7 &#8220;Peinters et Graveurs de Cracovie&#8221;, Maison de la Culture, Bourgers<\/li>\n<li>1994 \u00b7 &#8220;The Galician Sentiments&#8221;, ZPAP, Sukiennice Gallery, Cracow<\/li>\n<li>1994 \u00b7 &#8220;Three artists from Cracow&#8221;, The Polish Museum of America, Chicago<\/li>\n<li>1997 \u00b7 &#8220;Begegnungen an der Grenze&#8221;, Europaischer Kulturpark, Bliesbruck-Reinheim<\/li>\n<li>2009 \u00b7 &#8220;Polnischer Herbst&#8221;, Inter Art Galerie Reich, Cologne<\/li>\n<li>2010 \u00b7 &#8220;Winterausstellung&#8221;, Inter Art Galerie Reich, Cologne<\/li>\n<li>2011 \u00b7 &#8220;100 years of ZPAP Krak\u00f3w&#8221;, Art Palace, Cracow<\/li>\n<li>2012 \u00b7 &#8220;Travelling&#8221;, Panorama Gallery, Tomaszowice<\/li>\n<li>2014 \u00b7 &#8220;4 x Karpowicz&#8221;, Raven Gallery, Cracow<\/li>\n<li>2015 \u00b7 &#8220;8 Women&#8221;, Konduktorownia Gallery, Czestochowa<\/li>\n<li>2015 \u00b7 &#8220;Musicality of art&#8221;, Panorama Gallery, Tomaszowice<\/li>\n<\/ul>\n<p><strong>Awards (selection):<\/strong><\/p>\n<ul>\n<li>1979 \u00b7 &#8220;Graduates II&#8221;, BWA Gallery, Cracow &#8211; The prize for a set of paintings<\/li>\n<li>1979 \u00b7 Le Salon&#8217;79 &#8220;Racines&#8221;, Grand Palais, Paris &#8211; The prize for a painting of the Odilon-Lesur-Adrian Foundation and the Honorable Award<\/li>\n<li>1980 \u00b7 V Biennale des Beaux Arts &#8211; Centre Robert Lavergne, Asnieres-sur-Seine, France &#8211; The prize for a painting of the Foundation Le Groupement des Industrielles de la Region Genevilliers<\/li>\n<\/ul>\n<p><strong>Paintings in collections of (selection):<\/strong><\/p>\n<p>National Museum in Cracow<\/p>\n<p>Deutches-Polen Institut in Darmstadt<\/p>\n<p>The Polish Museum of America in Chicago<\/p>\n<p>WSP Library in Zielona G\u00f3ra<\/p>\n<p>J. Kluza Collection, PSSP Cracow<\/p>\n","protected":false},"excerpt":{"rendered":"<p>Born June 13th, 1951 in Cracow. Studied (1973 &#8211; 1978) at the Faculty of Painting of the Academy of Fine Arts in Cracow. Finished studies in 1978, with a master\u2019s degree. Graduated with honors at the atelier of Professor Jan Szancenbach. &nbsp; Solo exhibitions: 1984 \u00b7 ASP Gallery, Cracow 1985 \u00b7 Florianska 37 Gallery, Cracow [&hellip;]<\/p>\n","protected":false},"author":1,"featured_media":0,"parent":0,"menu_order":0,"comment_status":"closed","ping_status":"closed","template":"","meta":{"footnotes":""},"class_list":["post-877","page","type-page","status-publish","hentry"],"_links":{"self":[{"href":"https:\/\/karpowicz-westner.com\/en\/wp-json\/wp\/v2\/pages\/877","targetHints":{"allow":["GET"]}}],"collection":[{"href":"https:\/\/karpowicz-westner.com\/en\/wp-json\/wp\/v2\/pages"}],"about":[{"href":"https:\/\/karpowicz-westner.com\/en\/wp-json\/wp\/v2\/types\/page"}],"author":[{"embeddable":true,"href":"https:\/\/karpowicz-westner.com\/en\/wp-json\/wp\/v2\/users\/1"}],"replies":[{"embeddable":true,"href":"https:\/\/karpowicz-westner.com\/en\/wp-json\/wp\/v2\/comments?post=877"}],"version-history":[{"count":4,"href":"https:\/\/karpowicz-westner.com\/en\/wp-json\/wp\/v2\/pages\/877\/revisions"}],"predecessor-version":[{"id":2113,"href":"https:\/\/karpowicz-westner.com\/en\/wp-json\/wp\/v2\/pages\/877\/revisions\/2113"}],"wp:attachment":[{"href":"https:\/\/karpowicz-westner.com\/en\/wp-json\/wp\/v2\/media?parent=877"}],"curies":[{"name":"wp","href":"https:\/\/api.w.org\/{rel}","templated":true}]}}